{"id":341,"date":"2021-02-20T04:33:15","date_gmt":"2021-02-20T04:33:15","guid":{"rendered":"https:\/\/treehouseestonia.ee\/?page_id=341"},"modified":"2026-03-31T08:43:56","modified_gmt":"2026-03-31T08:43:56","slug":"broneeri","status":"publish","type":"page","link":"https:\/\/treehouseestonia.ee\/en\/broneeri\/","title":{"rendered":"Book"},"content":{"rendered":"<div class=\"brz brz-root__container brz-reset-all brz-root__container-page\" >\n<section id=\"ykotdmnnrzokvhusttgvdirocgrbtqatxsqm_ykotdmnnrzokvhusttgvdirocgrbtqatxsqm\" class=\"brz-section brz-css-d-section brz-css-1gru5hf\">\n<div class=\"brz-section__content brz-section--boxed brz-css-d-sectionitem-bg brz-css-1pxekm0\" data-brz-custom-id=\"kyyeksfktjcpgmefmsqozggvoguseipcdprc\">\n<div class=\"brz-bg\">\n<div class=\"brz-bg-image\"><\/div>\n<div class=\"brz-bg-color\"><\/div>\n<\/div>\n<div class=\"brz-container brz-css-d-sectionitem-container brz-css-1337g6d\">\n<div id=\"\" class=\"brz-css-d-wrapper brz-css-e06hqi brz-wrapper\">\n<div class=\"brz-rich-text brz-rich-text__custom brz-css-d-richtext brz-css-1v0ie3a\" data-brz-custom-id=\"njyunioffuzivbpfufeybpzofbrugjmymeiy\">\n<div data-brz-translate-text=\"1\">\n<h3 class=\"brz-text-xs-center brz-tp-lg-heading2 brz-text-lg-justify brz-css-fVuC3\" data-generated-css=\"brz-css-wgyjy\" data-uniq-id=\"fwxos\"><span class=\"brz-cp-color3\">Kalender &amp; broneerimine <\/span><\/h3>\n<\/div>\n<\/div>\n<\/div>\n<div id=\"\" class=\"brz-css-d-wrapper brz-css-r-wrapper brz-css-1ixie2q brz-wrapper\">\n<div class=\"brz-spacer brz-css-d-spacer brz-css-b7fhsh\"><\/div>\n<\/div>\n<div id=\"\" class=\"brz-css-d-wrapper brz-css-r-wrapper brz-css-16f0wo7 brz-wrapper\">\n<div class=\"brz-spacer brz-css-d-spacer brz-css-e661xu\"><\/div>\n<\/div>\n<\/div>\n<\/div>\n<\/section>\n<section id=\"yzjicclvnkqpetlimutrvbobqrzrqpdeluan_yzjicclvnkqpetlimutrvbobqrzrqpdeluan\" class=\"brz-section brz-css-d-section brz-css-12nknh8\">\n<div class=\"brz-section__content brz-section--boxed brz-css-d-sectionitem-bg brz-css-7z7hyi\" data-brz-custom-id=\"rqydcsxzjzaysppaizextmxjilizwzciqdyr\">\n<div class=\"brz-bg\">\n<div class=\"brz-bg-color\"><\/div>\n<\/div>\n<div class=\"brz-container brz-css-d-sectionitem-container brz-css-s0nu0a\">\n<div class=\"brz-row__container brz-css-d-row-row brz-css-1ij69fz\" data-brz-custom-id=\"vwwwjswheqkhyahceiumslaheyikuezfctur\">\n<div class=\"brz-row brz-css-d-row-container brz-css-r-row-container brz-css-1vzqwhh\">\n<div class=\"brz-columns brz-css-d-column-column brz-css-p2da4r\" data-brz-custom-id=\"xzbwnyaxhrlhvrdykhgspmbxzydfjudpcjlz\">\n<div class=\"brz-bg\">\n<div class=\"brz-bg-color\"><\/div>\n<\/div>\n<div class=\"brz-column__items brz-css-d-column-bg brz-css-1uspjr6\">\n<div id=\"\" class=\"brz-css-d-wrapper brz-css-r-wrapper brz-css-nozpht brz-wrapper\">\n<div class=\"brz-spacer brz-css-d-spacer brz-css-17af0k8\"><\/div>\n<\/div>\n<div id=\"\" class=\"brz-css-d-wrapper brz-css-1b97cyl brz-wrapper\">\n<div class=\"brz-rich-text brz-rich-text__custom brz-css-d-richtext brz-css-1gxlsx0\" data-brz-custom-id=\"ulrqiqqcepywzwyjcbuionlomuypzyvllxdb\">\n<div data-brz-translate-text=\"1\">\n<h4 class=\"brz-tp-lg-heading4 brz-text-lg-center brz-css-fuJ4v\" data-generated-css=\"brz-css-fexOJ\" data-uniq-id=\"nZ9nw\"><span class=\"brz-cp-color3\">HOOAEG 2026<\/span><\/h4>\n<\/div>\n<\/div>\n<\/div>\n<div id=\"\" class=\"brz-css-d-wrapper brz-css-r-wrapper brz-css-nt8te9 brz-wrapper\">\n<div class=\"brz-spacer brz-css-d-spacer brz-css-1ce60l5\"><\/div>\n<\/div>\n<div id=\"\" class=\"brz-css-d-wrapper brz-css-r-wrapper brz-css-3er3m brz-wrapper\">\n<div class=\"brz-spacer brz-css-d-spacer brz-css-144z1rv\"><\/div>\n<\/div>\n<div id=\"\" class=\"brz-css-d-wrapper brz-css-b9dy11 brz-wrapper\">\n<div class=\"brz-rich-text brz-rich-text__custom brz-css-d-richtext brz-css-1c1dplu\" data-brz-custom-id=\"etevgmroecycfderwochbmsfxvemlfdxaaad\">\n<div data-brz-translate-text=\"1\">\n<ul>\n<li class=\"brz-fsft-lg-0 brz-fwdth-lg-100 brz-vfw-lg-400 brz-lh-lg-1_9 brz-ls-lg-0_5 brz-fw-lg-500 brz-fss-lg-px brz-fs-lg-16 brz-ft-google brz-ff-crimson_text brz-tp-lg-empty brz-text-lg-justify brz-bcp-color3 brz-css-x91GI\" data-uniq-id=\"qg8xp\" data-generated-css=\"brz-css-ee2B3\" style=\"opacity: 1;\"><strong class=\"brz-bold-true brz-cp-color3\" style=\"opacity: 1;\">K\u00f5ikide majade hind P\u2013N 170 \u20ac\/1 \u00f6\u00f6 \u2013 Aprillis ja mais 20%<\/strong><\/li>\n<li class=\"brz-fsft-lg-0 brz-fwdth-lg-100 brz-vfw-lg-400 brz-lh-lg-1_9 brz-ls-lg-0_5 brz-fw-lg-500 brz-fss-lg-px brz-fs-lg-16 brz-ft-google brz-ff-crimson_text brz-tp-lg-empty brz-text-lg-justify brz-bcp-color3 brz-css-eo3D3\" data-uniq-id=\"d6yMz\" data-generated-css=\"brz-css-bI73b\"><strong class=\"brz-bold-true brz-cp-color3\">K\u00f5ikide majade hind R\u2013L 190 \u20ac\/1 \u00f6\u00f6<\/strong><strong class=\"brz-bold-true brz-cp-color3\" style=\"opacity: 1; color: rgb(173, 133, 77);\"> <\/strong><\/li>\n<li class=\"brz-fsft-lg-0 brz-fwdth-lg-100 brz-vfw-lg-400 brz-lh-lg-1_9 brz-ls-lg-0_5 brz-fw-lg-500 brz-fss-lg-px brz-fs-lg-16 brz-ft-google brz-ff-crimson_text brz-tp-lg-empty brz-text-lg-justify brz-bcp-color3 brz-css-yTe5O\" data-uniq-id=\"aVhqF\" data-generated-css=\"brz-css-fx9Gn\" style=\"color: rgb(173, 133, 77); opacity: 1;\"><strong class=\"brz-bold-true brz-cp-color3\" style=\"opacity: 1; color: rgb(173, 133, 77);\">Lapse puhul lisavoodikoha tasu 15 \u20ac (v\u00f5imalik vaid \u201cPuumajas\u201d) <\/strong><\/li>\n<li class=\"brz-fsft-lg-0 brz-fwdth-lg-100 brz-vfw-lg-400 brz-lh-lg-1_9 brz-ls-lg-0_5 brz-fw-lg-500 brz-fss-lg-px brz-fs-lg-16 brz-ft-google brz-ff-crimson_text brz-tp-lg-empty brz-text-lg-justify brz-bcp-color3 brz-css-a4hn6\" data-uniq-id=\"qVlTI\" data-generated-css=\"brz-css-fpjwW\"><strong class=\"brz-bold-true brz-cp-color3\">Igal majal on oma privaatsaun, maja hind sisaldab ka sauna kasutust. <\/strong><\/li>\n<li class=\"brz-fsft-lg-0 brz-fwdth-lg-100 brz-vfw-lg-400 brz-lh-lg-1_9 brz-ls-lg-0_5 brz-fw-lg-500 brz-fss-lg-px brz-fs-lg-16 brz-ft-google brz-ff-crimson_text brz-tp-lg-empty brz-text-lg-justify brz-bcp-color3 brz-css-yUlkj\" data-uniq-id=\"ecei6\" data-generated-css=\"brz-css-lTek9\"><strong class=\"brz-bold-true brz-cp-color3\">Puumajja on v\u00f5imalik tulla ka kuni 2 lapsega. K\u00f5ik teised majad on m\u00f5eldud kahele inimesele. <\/strong><\/li>\n<li class=\"brz-fsft-lg-0 brz-fwdth-lg-100 brz-vfw-lg-400 brz-lh-lg-1_9 brz-ls-lg-0_5 brz-fw-lg-500 brz-fss-lg-px brz-fs-lg-16 brz-ft-google brz-ff-crimson_text brz-tp-lg-empty brz-text-lg-justify brz-bcp-color3 brz-css-cjOwv\" data-uniq-id=\"rez6H\" data-generated-css=\"brz-css-fkRvz\"><strong class=\"brz-bold-true brz-cp-color3\">Broneeringu muutmine\/t\u00fchistamine on v\u00f5imalik kuni 14 p\u00e4eva enne saabumist.<\/strong><\/li>\n<li class=\"brz-fsft-lg-0 brz-fwdth-lg-100 brz-vfw-lg-400 brz-lh-lg-1_9 brz-ls-lg-0_5 brz-fw-lg-500 brz-fss-lg-px brz-fs-lg-16 brz-ft-google brz-ff-crimson_text brz-tp-lg-empty brz-text-lg-justify brz-bcp-color3 brz-css-v_AKo\" data-uniq-id=\"yaDWe\" data-generated-css=\"brz-css-ph9aN\"><strong class=\"brz-bold-true brz-cp-color3\">Lisak\u00fclalised pole lubatud<\/strong><\/li>\n<li class=\"brz-fsft-lg-0 brz-fwdth-lg-100 brz-vfw-lg-400 brz-lh-lg-1_9 brz-ls-lg-0_5 brz-fw-lg-500 brz-fss-lg-px brz-fs-lg-16 brz-ft-google brz-ff-crimson_text brz-tp-lg-empty brz-text-lg-justify brz-bcp-color3 brz-css-cONji\" data-uniq-id=\"trtL2\" data-generated-css=\"brz-css-tQdoI\"><strong class=\"brz-bold-true brz-cp-color3\">Lemmikloomad pole lubatud<\/strong><\/li>\n<li class=\"brz-fsft-lg-0 brz-fwdth-lg-100 brz-vfw-lg-400 brz-lh-lg-1_9 brz-ls-lg-0_5 brz-fw-lg-500 brz-fss-lg-px brz-fs-lg-16 brz-ft-google brz-ff-crimson_text brz-tp-lg-empty brz-text-lg-justify brz-bcp-color3 brz-css-ydm5D\" data-uniq-id=\"maQ1U\" data-generated-css=\"brz-css-sQ6Kt\"><strong class=\"brz-bold-true brz-cp-color3\">Puumajade<em> check-in<\/em> kell 15:00\u201320:00, <em>check-out <\/em>kell 11:00<\/strong><\/li>\n<li class=\"brz-fsft-lg-0 brz-fwdth-lg-100 brz-vfw-lg-400 brz-lh-lg-1_9 brz-ls-lg-0_5 brz-fw-lg-500 brz-fss-lg-px brz-fs-lg-16 brz-ft-google brz-ff-crimson_text brz-tp-lg-empty brz-text-lg-justify brz-bcp-color3 brz-css-uiaxC\" data-uniq-id=\"ntH47\" data-generated-css=\"brz-css-gZo6s\"><strong class=\"brz-bold-true brz-cp-color3\">Soovi korral pakume ka transporti Tallinnast meie juurde ja tagasi &#8211; 50 eur <\/strong><\/li>\n<\/ul>\n<\/div>\n<\/div>\n<\/div>\n<div id=\"\" class=\"brz-css-d-wrapper brz-css-r-wrapper brz-css-1j0bwsb brz-wrapper\">\n<div class=\"brz-spacer brz-css-d-spacer brz-css-nmcvtg\"><\/div>\n<\/div>\n<div class=\"brz-wrapper-clone brz-flex-xs-wrap brz-css-d-cloneable brz-css-176n1qz\" data-brz-custom-id=\"afgnwgfuehkvrwgvbhxuecntnasqwlcdjlyn\"><a class=\"brz-a brz-btn brz-css-d-button brz-css-1oh4rvy brz-css-d-button-bg brz-css-j3mpxw\" target=\"_self\" rel=\"noopener\" href=\"https:\/\/treehouseestonia.ee\/lisainfo-broneerijale\/\" data-brz-link-type=\"external\" data-brz-custom-id=\"rqwhqrddaqgkpwbsquvbfujabjuvahywblvn\"><span data-brz-translate-text=\"1\" class=\"brz-span brz-text__editor\">TUTVU &#8220;HEA TEADA&#8221; INFOGA<\/span><\/a><\/div>\n<div id=\"\" class=\"brz-css-d-wrapper brz-css-r-wrapper brz-css-12r3ccs brz-wrapper\">\n<div class=\"brz-spacer brz-css-d-spacer brz-css-12islqd\"><\/div>\n<\/div>\n<\/div>\n<\/div>\n<\/div>\n<\/div>\n<\/div>\n<\/div>\n<\/section>\n<section id=\"mt6lKGEf5TTB_mt6lKGEf5TTB\" class=\"brz-section brz-css-d-section brz-css-fbj352\">\n<div class=\"brz-section__content brz-section--boxed brz-css-d-sectionitem-bg brz-css-eu3glh\" data-brz-custom-id=\"d3qo5MJEeNOO\">\n<div class=\"brz-bg\">\n<div class=\"brz-bg-color\"><\/div>\n<\/div>\n<div class=\"brz-container brz-css-d-sectionitem-container brz-css-1r1jmg2\">\n<div id=\"\" class=\"brz-css-d-wrapper brz-css-1kiu4qw brz-wrapper\">\n<div class=\"brz-rich-text brz-rich-text__custom brz-css-d-richtext brz-css-116d0dx\" data-brz-custom-id=\"bcLcN0KoSRWb\">\n<div data-brz-translate-text=\"1\">\n<p class=\"brz-tp-heading2 brz-css-gzIb2\"><span class=\"brz-cp-color8\">Kuidas broneerida?<\/span><\/p>\n<p class=\"brz-tp-heading5 brz-css-hddBt\"><span class=\"brz-cp-color8\">Leidke endale sobiv kuup\u00e4ev ja t\u00e4itke allolev vorm. V\u00f5tame Teiega peagi \u00fchendust. <\/span><\/p>\n<\/div>\n<\/div>\n<\/div>\n<div class=\"brz-row__container brz-css-d-row-row brz-css-1qrbz9e\" data-brz-custom-id=\"nlW2G4V6laNT\">\n<div class=\"brz-row brz-css-d-row-container brz-css-r-row-container brz-css-17z4riz\">\n<div class=\"brz-columns brz-css-d-column-column brz-css-1ggeduj\" data-brz-custom-id=\"tqxV7YRztTlq\">\n<div class=\"brz-column__items brz-css-d-column-bg brz-css-bhgm8p\">\n<div class=\"brz-row__container brz-css-d-row-row brz-css-cp27di\" data-brz-custom-id=\"m5agWU3FPdav\">\n<div class=\"brz-row brz-row--inner brz-css-d-row-container brz-css-7b0v9n\">\n<div class=\"brz-columns brz-css-d-column-column brz-css-1lx6atk\" data-brz-custom-id=\"roVebgvFWjTQ\">\n<div class=\"brz-column__items brz-css-d-column-bg brz-css-31qjtk\">\n<div id=\"\" class=\"brz-css-d-wrapper brz-css-10vsyqe brz-wrapper\">\n<div data-brz-form-version=\"2\" class=\"brz-forms2 brz-css-d-form2-form brz-css-1edqtjy\" data-brz-custom-id=\"iEtRMQO5bq4y\">\n<form class=\"brz-form brz-d-xs-flex brz-flex-xs-wrap\" novalidate=\"\" action=\"https:\/\/treehouseestonia.ee\/wp-admin\/admin-ajax.php?nonce=2720702a63&amp;action=brizy_submit_form\" data-brz-form-id=\"iEtRMQO5bq4y\" data-brz-project-id=\"3b7686a7d3bcf6c5bf10347936c7f551\" data-brz-success=\"Sinu kiri on saadetud!\" data-brz-error=\"Midagi l\u00e4ks valesti, proovi uuesti.\" data-brz-redirect=\"\" data-brz-empty=\"Please fill in the required fields\" data-brz-form-type=\"default\" data-brz-translatable-default-success=\"Your email was sent successfully\" data-brz-translatable-default-error=\"Your email was not sent\" data-brz-translatable-default-empty=\"Please fill in the required fields\" data-brz-translatable-default-invalid=\"Please check your entry and try again\" data-brz-translatable-default-invalid-email=\"Please enter a valid email address (e.g., name@example.com)\">\n<div data-brz-translate-text=\"1\" class=\"brz-forms2__item brz-css-d-form2fields-fields brz-css-1onrsuc brz-css-d-form2field-field brz-css-hlt9n4\"><label class=\"brz-label brz-forms2__field-label\" for=\"hN14b0YeKOXz_1ec23a85f8c0ad362b73\">EESNIMI<\/label><input type=\"text\" id=\"hN14b0YeKOXz_1ec23a85f8c0ad362b73\" name=\"vQIyQMlFTZWb\" placeholder=\"Eesnimi\" required=\"\" data-brz-type=\"Text\" data-brz-label=\"EESNIMI\" data-brz-placeholder=\"Eesnimi\" class=\"brz-input brz-forms2__field brz-forms2__field-text\" value=\"\"><\/div>\n<div data-brz-translate-text=\"1\" class=\"brz-forms2__item brz-css-d-form2fields-fields brz-css-1onrsuc brz-css-d-form2field-field brz-css-ofngci\"><label class=\"brz-label brz-forms2__field-label\" for=\"qzkerLMXejRw_4cf9d5f3ca80039b3a78\">PEREKONNANIMI<\/label><input type=\"text\" id=\"qzkerLMXejRw_4cf9d5f3ca80039b3a78\" name=\"aYlsXdbUiPr0\" placeholder=\"Perekonnanimi\" required=\"\" data-brz-type=\"Text\" data-brz-label=\"PEREKONNANIMI\" data-brz-placeholder=\"Perekonnanimi\" class=\"brz-input brz-forms2__field brz-forms2__field-text\" value=\"\"><\/div>\n<div data-brz-translate-text=\"1\" class=\"brz-forms2__item brz-css-d-form2fields-fields brz-css-1onrsuc brz-css-d-form2field-field brz-css-wqsdwq\"><label class=\"brz-label brz-forms2__field-label\" for=\"idB8aB41hXrM_b20ce7d8730578bafdf4\">E-MAIL<\/label><input type=\"email\" id=\"idB8aB41hXrM_b20ce7d8730578bafdf4\" name=\"eyr1PUVkvfZ7\" placeholder=\"Teie e-maili aadress\" required=\"\" pattern=\"%5E((%5B%5E%3C%3E%5C(%5C)%5C%5B%5C%5D%5C%5C.,;:%5Cs@%22%5D+(%5C.%5B%5E%3C%3E%5C(%5C)%5C%5B%5C%5D%5C%5C.,;:%5Cs@%22%5D+)*)%7C(%22.+%22))@((%5C%5B%5B0-9%5D%7B1,3%7D%5C.%5B0-9%5D%7B1,3%7D%5C.%5B0-9%5D%7B1,3%7D%5C.%5B0-9%5D%7B1,3%7D%5C%5D)%7C((%5Ba-zA-Z%5C-0-9%5D+%5C.)+%5Ba-zA-Z%5D%7B2,%7D))$\" data-brz-type=\"Email\" data-brz-label=\"E-MAIL\" data-brz-placeholder=\"Teie e-maili aadress\" maxlength=\"255\" class=\"brz-input brz-forms2__field brz-forms2__field-email\" value=\"\"><\/div>\n<div data-brz-translate-text=\"1\" class=\"brz-forms2__item brz-css-d-form2fields-fields brz-css-1onrsuc brz-css-d-form2field-field brz-css-9hktlt\"><label class=\"brz-label brz-forms2__field-label\" for=\"gMV9eVPAbz56_29ea927d5f2bb82a0bda\">TELEFON<\/label><input type=\"tel\" id=\"gMV9eVPAbz56_29ea927d5f2bb82a0bda\" name=\"v7GgQSed8yDU\" placeholder=\"Teie telefoninumber\" required=\"\" pattern=\"%5B0-9()#&amp;+*-=.%5D+\" data-brz-type=\"Tel\" data-brz-label=\"TELEFON\" data-brz-placeholder=\"Teie telefoninumber\" class=\"brz-input brz-forms2__field brz-forms2__field-tel\" value=\"\"><\/div>\n<div data-brz-translate-text=\"1\" class=\"brz-forms2__item brz-css-d-form2fields-fields brz-css-1onrsuc brz-css-d-form2field-field brz-css-gwvgdi\"><label class=\"brz-label brz-forms2__field-label\" for=\"m5Zh1TH1NCLq_b14cbcd85600e6bd3809\">MILLIST MAJA SOOVITE BRONEERIDA?<\/label><\/p>\n<div class=\"brz-forms2__field brz-forms2__checkbox\">\n<div class=\"brz-control__check-group brz-forms2__checkbox-options\" data-value=\"\">\n<div data-brz-translate-text=\"1\" class=\"brz-control__check-group-option brz-forms2__checkbox-option\"><input id=\"iOnQ85WjQBCI_b14cbcd85600e6bd3809\" class=\"brz-input\" type=\"checkbox\" name=\"fnT6LMnBfFI0\" required=\"\" data-brz-type=\"Checkbox\" data-brz-label=\"MILLIST MAJA SOOVITE BRONEERIDA?\" value=\"Puumaja\"><label class=\"brz-label\" for=\"iOnQ85WjQBCI_b14cbcd85600e6bd3809\"><\/p>\n<div class=\"brz-control__check-group-icon brz-control__check-group--check\"><svg class=\"brz-icon-svg align-[initial] brz-d-block\"><use href=\"\/wp-content\/plugins\/brizy\/public\/editor-build\/prod\/editor\/icons\/editor\/check-square-on.svg#brz_icon\"><\/use><\/svg><\/div>\n<div class=\"brz-control__check-group-icon brz-control__check-group--uncheck\"><svg class=\"brz-icon-svg align-[initial] brz-d-block\"><use href=\"\/wp-content\/plugins\/brizy\/public\/editor-build\/prod\/editor\/icons\/editor\/check-square-off.svg#brz_icon\"><\/use><\/svg><\/div>\n<p><span class=\"brz-forms2__checkbox-option-name brz-span\">Puumaja<\/span><\/label><\/div>\n<div data-brz-translate-text=\"1\" class=\"brz-control__check-group-option brz-forms2__checkbox-option\"><input id=\"pSQieTdRSg1U_b14cbcd85600e6bd3809\" class=\"brz-input\" type=\"checkbox\" name=\"fnT6LMnBfFI0\" required=\"\" data-brz-type=\"Checkbox\" data-brz-label=\"MILLIST MAJA SOOVITE BRONEERIDA?\" value=\"D\u017eungli puumaja\"><label class=\"brz-label\" for=\"pSQieTdRSg1U_b14cbcd85600e6bd3809\"><\/p>\n<div class=\"brz-control__check-group-icon brz-control__check-group--check\"><svg class=\"brz-icon-svg align-[initial] brz-d-block\"><use href=\"\/wp-content\/plugins\/brizy\/public\/editor-build\/prod\/editor\/icons\/editor\/check-square-on.svg#brz_icon\"><\/use><\/svg><\/div>\n<div class=\"brz-control__check-group-icon brz-control__check-group--uncheck\"><svg class=\"brz-icon-svg align-[initial] brz-d-block\"><use href=\"\/wp-content\/plugins\/brizy\/public\/editor-build\/prod\/editor\/icons\/editor\/check-square-off.svg#brz_icon\"><\/use><\/svg><\/div>\n<p><span class=\"brz-forms2__checkbox-option-name brz-span\">D\u017eungli puumaja<\/span><\/label><\/div>\n<div data-brz-translate-text=\"1\" class=\"brz-control__check-group-option brz-forms2__checkbox-option\"><input id=\"nJcGjIv2DGpG_b14cbcd85600e6bd3809\" class=\"brz-input\" type=\"checkbox\" name=\"fnT6LMnBfFI0\" required=\"\" data-brz-type=\"Checkbox\" data-brz-label=\"MILLIST MAJA SOOVITE BRONEERIDA?\" value=\"Metsa puumaja\"><label class=\"brz-label\" for=\"nJcGjIv2DGpG_b14cbcd85600e6bd3809\"><\/p>\n<div class=\"brz-control__check-group-icon brz-control__check-group--check\"><svg class=\"brz-icon-svg align-[initial] brz-d-block\"><use href=\"\/wp-content\/plugins\/brizy\/public\/editor-build\/prod\/editor\/icons\/editor\/check-square-on.svg#brz_icon\"><\/use><\/svg><\/div>\n<div class=\"brz-control__check-group-icon brz-control__check-group--uncheck\"><svg class=\"brz-icon-svg align-[initial] brz-d-block\"><use href=\"\/wp-content\/plugins\/brizy\/public\/editor-build\/prod\/editor\/icons\/editor\/check-square-off.svg#brz_icon\"><\/use><\/svg><\/div>\n<p><span class=\"brz-forms2__checkbox-option-name brz-span\">Metsa puumaja<\/span><\/label><\/div>\n<div data-brz-translate-text=\"1\" class=\"brz-control__check-group-option brz-forms2__checkbox-option\"><input id=\"nURLu_jopsIF_b14cbcd85600e6bd3809\" class=\"brz-input\" type=\"checkbox\" name=\"fnT6LMnBfFI0\" required=\"\" data-brz-type=\"Checkbox\" data-brz-label=\"MILLIST MAJA SOOVITE BRONEERIDA?\" value=\"Puusaun\"><label class=\"brz-label\" for=\"nURLu_jopsIF_b14cbcd85600e6bd3809\"><\/p>\n<div class=\"brz-control__check-group-icon brz-control__check-group--check\"><svg class=\"brz-icon-svg align-[initial] brz-d-block\"><use href=\"\/wp-content\/plugins\/brizy\/public\/editor-build\/prod\/editor\/icons\/editor\/check-square-on.svg#brz_icon\"><\/use><\/svg><\/div>\n<div class=\"brz-control__check-group-icon brz-control__check-group--uncheck\"><svg class=\"brz-icon-svg align-[initial] brz-d-block\"><use href=\"\/wp-content\/plugins\/brizy\/public\/editor-build\/prod\/editor\/icons\/editor\/check-square-off.svg#brz_icon\"><\/use><\/svg><\/div>\n<p><span class=\"brz-forms2__checkbox-option-name brz-span\">Puusaun<\/span><\/label><\/div>\n<\/div>\n<\/div>\n<\/div>\n<div data-brz-translate-text=\"1\" class=\"brz-forms2__item brz-css-d-form2fields-fields brz-css-1onrsuc brz-css-d-form2field-field brz-css-1b94awa\"><label class=\"brz-label brz-forms2__field-label\" for=\"vlRsQPmYukN4_df3ecfd2e9d409c5e936\">CHECK-IN<\/label><input type=\"text\" id=\"vlRsQPmYukN4_df3ecfd2e9d409c5e936\" name=\"teMhfC_piIOc\" placeholder=\"pp.kk.aaaa\" required=\"\" data-brz-type=\"Text\" data-brz-label=\"CHECK-IN\" data-brz-placeholder=\"pp.kk.aaaa\" class=\"brz-input brz-forms2__field brz-forms2__field-text\" value=\"\"><\/div>\n<div data-brz-translate-text=\"1\" class=\"brz-forms2__item brz-css-d-form2fields-fields brz-css-1onrsuc brz-css-d-form2field-field brz-css-1lbw8uu\"><label class=\"brz-label brz-forms2__field-label\" for=\"kudcNrUSiVN5_158750bc790432629329\">CHECK-OUT<\/label><input type=\"text\" id=\"kudcNrUSiVN5_158750bc790432629329\" name=\"meACacVoI7uZ\" placeholder=\"pp.kk.aaaa\" required=\"\" data-brz-type=\"Text\" data-brz-label=\"CHECK-OUT\" data-brz-placeholder=\"pp.kk.aaaa\" class=\"brz-input brz-forms2__field brz-forms2__field-text\" value=\"\"><\/div>\n<div data-brz-translate-text=\"1\" class=\"brz-forms2__item brz-css-d-form2fields-fields brz-css-1onrsuc brz-css-d-form2field-field brz-css-16nsjae\"><label class=\"brz-label brz-forms2__field-label\" for=\"k2vcMeOU1KA8_5be82725cc0e4ded3cb1\">KINKEKAARDI NUMBER<\/label><input type=\"number\" id=\"k2vcMeOU1KA8_5be82725cc0e4ded3cb1\" name=\"tM1kF9VuI2Fc\" placeholder=\"Kui Teil on kinkekaart, sisestage siia nr\" pattern=\"%5E-?%5B0-9%5D%5Cd*(%5C.%5Cd+)?$\" data-brz-type=\"Number\" data-brz-label=\"KINKEKAARDI NUMBER\" data-brz-placeholder=\"Kui Teil on kinkekaart, sisestage siia nr\" data-brz-min=\"\" data-brz-max=\"\" data-brz-error=\"%7B%22minNumError%22%3A%22Selected%20quantity%20is%20less%20than%20stock%20status%2C%20min%3A%22%2C%22maxNumError%22%3A%22Selected%20quantity%20%20is%20more%20than%20stock%20status%2C%20max%3A%20%22%7D\" class=\"brz-input brz-forms2__field brz-forms2__field-number\" value=\"\"><\/div>\n<div data-brz-translate-text=\"1\" class=\"brz-forms2__item brz-css-d-form2fields-fields brz-css-1onrsuc brz-css-d-form2field-field brz-css-2xktvc\"><label class=\"brz-label brz-forms2__field-label\" for=\"xgLC53vPhfKD_1375f5cee3f28bd84264\">SOOVITE MIDAGI LISADA?<\/label><textarea id=\"xgLC53vPhfKD_1375f5cee3f28bd84264\" name=\"eg1WokHgIQlK\" placeholder=\"J\u00e4tke oma teade siia...\" data-brz-type=\"Paragraph\" data-brz-label=\"SOOVITE MIDAGI LISADA?\" data-brz-placeholder=\"J\u00e4tke oma teade siia...\" class=\"brz-textarea brz-forms2__field brz-forms2__field-paragraph\"><\/textarea><\/div>\n<div class=\"brz-forms2 brz-forms2__item brz-forms2__item-button\" data-brz-custom-id=\"iEtRMQO5bq4y\"><button class=\"brz-btn brz-btn-submit brz-css-d-button-bg brz-css-1m0w2nc\" data-brz-custom-id=\"eveCfaeNbssp\"><svg class=\"brz-icon-svg align-[initial] brz-css-d-button-icon brz-css-s8c99x\"><use href=\"\/wp-content\/plugins\/brizy\/public\/editor-build\/prod\/editor\/icons\/glyph\/tail-right.svg#nc_icon\"><\/use><\/svg><span data-brz-translate-text=\"1\" class=\"brz-span brz-text__editor\">SAADA<\/span><\/button><svg class=\"brz-icon-svg align-[initial] brz-form-spinner brz-invisible brz-ed-animated--spin\"><use href=\"\/wp-content\/plugins\/brizy\/public\/editor-build\/prod\/editor\/icons\/glyph\/circle-02.svg#nc_icon\"><\/use><\/svg><\/div>\n<div class=\"brz-forms2__messages brz-css-d-form2-messages\"><\/div>\n<div class=\"brz-g-recaptcha\" data-sitekey=\"\" data-size=\"invisible\" data-callback=\"brzFormV2Captcha\"><\/div>\n<\/form>\n<\/div>\n<\/div>\n<\/div>\n<\/div>\n<\/div>\n<\/div>\n<div class=\"brz-row__container brz-css-d-row-row brz-css-c6pvwr\" data-brz-custom-id=\"mzt9A_NjGwsT\">\n<div class=\"brz-row brz-row--inner brz-css-d-row-container brz-css-93466q\">\n<div class=\"brz-columns brz-css-d-column-column brz-css-18uqyi6\" data-brz-custom-id=\"a4sKCQvlWBb8\">\n<div class=\"brz-column__items brz-css-d-column-bg brz-css-1tf44cm\">\n<div class=\"brz-wrapper-clone brz-flex-xs-wrap brz-css-d-cloneable brz-css-14i2em2\" data-brz-custom-id=\"iR68bDT8ggtF\">\n<div class=\"brz-icon__container\" data-brz-custom-id=\"wCLcNq2T2bHy\"><a class=\"brz-a brz-anchor\" target=\"_self\" rel=\"noopener\" href=\"#fnlwfukcocxjygtnzwqrqrkgqvklkkarwcso_fnlwfukcocxjygtnzwqrqrkgqvklkkarwcso\" data-brz-link-type=\"anchor\"><span class=\"brz-icon brz-span brz-css-d-icon-icon brz-css-iq0myt\"><svg class=\"brz-icon-svg align-[initial]\"><use href=\"\/wp-content\/plugins\/brizy\/public\/editor-build\/prod\/editor\/icons\/glyph\/circle-simple-up.svg#nc_icon\"><\/use><\/svg><\/span><\/a><\/div>\n<\/div>\n<\/div>\n<\/div>\n<\/div>\n<\/div>\n<\/div>\n<\/div>\n<\/div>\n<\/div>\n<\/div>\n<\/div>\n<\/section><\/div>\n<p><!-- version:1774946636 --><\/p>\n","protected":false},"excerpt":{"rendered":"<p>Kalender &amp; broneerimine HOOAEG 2026 K\u00f5ikide majade hind P\u2013N 170 \u20ac\/1 \u00f6\u00f6 \u2013 Aprillis ja mais 20% K\u00f5ikide majade hind R\u2013L 190 \u20ac\/1 \u00f6\u00f6 Lapse puhul lisavoodikoha tasu 15 \u20ac (v\u00f5imalik vaid \u201cPuumajas\u201d) Igal majal on oma privaatsaun, maja hind sisaldab ka sauna kasutust. Puumajja on v\u00f5imalik tulla ka kuni 2 lapsega. K\u00f5ik teised majad [&hellip;]<\/p>\n","protected":false},"author":1,"featured_media":0,"parent":0,"menu_order":0,"comment_status":"closed","ping_status":"closed","template":"brizy-blank-template.php","meta":{"footnotes":""},"class_list":["post-341","page","type-page","status-publish","hentry"],"brizy_media":[{"id":1398,"url":"https:\/\/treehouseestonia.ee\/wp-content\/uploads\/2021\/03\/metsa-terrass.jpg","name":"metsa-terrass.jpg","meta":{"brizy_attachment_uid":"wp-19416fa6c73fca0c695c687c65b6821d.jpg","brizy_post_uid":["02c3a8cd9cfcd116fb959150e5d76d93","5ee69893161784152ddd2f4f37811948","36dda1997b4c91d857d000effe3900b5","40534f8c0faf19e98e217353c8fedbd7"]}},{"id":4037,"url":"https:\/\/treehouseestonia.ee\/wp-content\/uploads\/2021\/03\/Logo-kriipsudega-kuldne.png","name":"Logo-kriipsudega-kuldne.png","meta":{"brizy_attachment_uid":"wp-01befc23ac215f7acc9921331acde967.png","brizy_post_uid":["40534f8c0faf19e98e217353c8fedbd7"]}},{"id":4038,"url":"https:\/\/treehouseestonia.ee\/wp-content\/uploads\/2021\/03\/Logo-paikese-ja-puuga-kuldne.png","name":"Logo-paikese-ja-puuga-kuldne.png","meta":{"brizy_attachment_uid":"wp-82d01aa65381eeca8a141ca43b0148ec.png","brizy_post_uid":["40534f8c0faf19e98e217353c8fedbd7","0ac713c6fe6aaf9dd393713e7b62a5d4"]}}],"_links":{"self":[{"href":"https:\/\/treehouseestonia.ee\/en\/wp-json\/wp\/v2\/pages\/341","targetHints":{"allow":["GET"]}}],"collection":[{"href":"https:\/\/treehouseestonia.ee\/en\/wp-json\/wp\/v2\/pages"}],"about":[{"href":"https:\/\/treehouseestonia.ee\/en\/wp-json\/wp\/v2\/types\/page"}],"author":[{"embeddable":true,"href":"https:\/\/treehouseestonia.ee\/en\/wp-json\/wp\/v2\/users\/1"}],"replies":[{"embeddable":true,"href":"https:\/\/treehouseestonia.ee\/en\/wp-json\/wp\/v2\/comments?post=341"}],"version-history":[{"count":30,"href":"https:\/\/treehouseestonia.ee\/en\/wp-json\/wp\/v2\/pages\/341\/revisions"}],"predecessor-version":[{"id":29118,"href":"https:\/\/treehouseestonia.ee\/en\/wp-json\/wp\/v2\/pages\/341\/revisions\/29118"}],"wp:attachment":[{"href":"https:\/\/treehouseestonia.ee\/en\/wp-json\/wp\/v2\/media?parent=341"}],"curies":[{"name":"wp","href":"https:\/\/api.w.org\/{rel}","templated":true}]}}