{"id":350,"date":"2021-02-20T04:38:52","date_gmt":"2021-02-20T04:38:52","guid":{"rendered":"https:\/\/treehouseestonia.ee\/?page_id=350"},"modified":"2026-03-09T11:24:46","modified_gmt":"2026-03-09T11:24:46","slug":"lisainfo-broneerijale","status":"publish","type":"page","link":"https:\/\/treehouseestonia.ee\/et\/lisainfo-broneerijale\/","title":{"rendered":"Lisainfo broneerijale"},"content":{"rendered":"<div class=\"brz brz-root__container brz-reset-all brz-root__container-page\" >\n<section id=\"gsxegncesidqfqggpbijifhlapbapyduuoci_gsxegncesidqfqggpbijifhlapbapyduuoci\" class=\"brz-section brz-css-d-section brz-css-ikebf4\">\n<div class=\"brz-section__content brz-section--boxed brz-css-d-sectionitem-bg brz-css-5kq65f\" data-brz-custom-id=\"qughhyygvujjoetnxjovuypctkjecerfvdip\">\n<div class=\"brz-bg\">\n<div class=\"brz-bg-image\"><\/div>\n<div class=\"brz-bg-color\"><\/div>\n<\/div>\n<div class=\"brz-container brz-css-d-sectionitem-container brz-css-6fllxi\">\n<div class=\"brz-row__container brz-css-d-row-row brz-css-i4ulwi\" data-brz-custom-id=\"uuvljqjfrgzbzswafqhzuugwfutmhepdpmpf\">\n<div class=\"brz-row brz-css-d-row-container brz-css-r-row-container brz-css-19hyvp7\">\n<div class=\"brz-columns brz-css-d-column-column brz-css-smuya7\" data-brz-custom-id=\"vksuccmpxohshdmrorvznknoenqqpxariwbr\">\n<div class=\"brz-column__items brz-css-d-column-bg brz-css-n3rfim\">\n<div id=\"\" class=\"brz-css-d-wrapper brz-css-dcaeh7 brz-wrapper\">\n<div class=\"brz-rich-text brz-rich-text__custom brz-css-d-richtext brz-css-15l9fuq\" data-brz-custom-id=\"levrrzuqjsxjyslaochcvxmduqsbcaiaerzy\">\n<div data-brz-translate-text=\"1\">\n<h2 class=\"brz-text-lg-right brz-tp-heading2 brz-css-pQ3Mm\"><strong class=\"brz-cp-color6\">Tore, et olete <\/strong><\/h2>\n<h2 class=\"brz-text-lg-right brz-tp-heading2 brz-css-aSzHq\"><strong class=\"brz-cp-color6\">meie puumaju <\/strong><\/h2>\n<h2 class=\"brz-text-lg-right brz-tp-heading2 brz-css-k0qML\"><strong class=\"brz-cp-color6\">m\u00e4rganud!<\/strong><\/h2>\n<\/div>\n<\/div>\n<\/div>\n<div id=\"\" class=\"brz-css-d-wrapper brz-css-14x1gy4 brz-wrapper\">\n<div class=\"brz-rich-text brz-rich-text__custom brz-css-d-richtext brz-css-1ac8xm5\" data-brz-custom-id=\"saqicoogygxvlkqyeqedoegbbyrlorapscmo\">\n<div data-brz-translate-text=\"1\">\n<h4 class=\"brz-text-lg-right brz-tp-abovetitle brz-css-tF54i\"><span class=\"brz-cp-color7\">LISAINFO BRONEERIJALE<\/span><\/h4>\n<\/div>\n<\/div>\n<\/div>\n<\/div>\n<\/div>\n<\/div>\n<\/div>\n<\/div>\n<\/div>\n<\/section>\n<section id=\"zhovdjnittrujmbzgeulnmifjwxbvckpsxji_zhovdjnittrujmbzgeulnmifjwxbvckpsxji\" class=\"brz-section brz-css-d-section brz-css-14etaty\">\n<div class=\"brz-section__content brz-section--boxed brz-css-d-sectionitem-bg brz-css-1gysx08\" data-brz-custom-id=\"grrtubqffrbxqcqzqvqefbqjhgdoqmfdiofd\">\n<div class=\"brz-bg\">\n<div class=\"brz-bg-color\"><\/div>\n<\/div>\n<div class=\"brz-container brz-css-d-sectionitem-container brz-css-1w9m3rd\">\n<div class=\"brz-row__container brz-css-d-row-row brz-css-k4h9bu\" data-brz-custom-id=\"afjlwgfgujpqodicnsbckkbmswscfsyqvgci\">\n<div class=\"brz-row brz-css-d-row-container brz-css-1azj8fq\">\n<div class=\"brz-columns brz-css-d-column-column brz-css-1q3kxwq\" data-brz-custom-id=\"sdsgmstdhxzvwwrrdvviyrjzvaxsiynrufaq\">\n<div class=\"brz-column__items brz-css-d-column-bg brz-css-1bects0\">\n<div id=\"\" class=\"brz-css-d-wrapper brz-css-12jalv9 brz-wrapper\">\n<div class=\"brz-rich-text brz-rich-text__custom brz-css-d-richtext brz-css-y7lpfs\" data-brz-custom-id=\"swmusvbhmcmkajvezsbsedejmsdwcgplzarw\">\n<div data-brz-translate-text=\"1\">\n<p class=\"brz-tp-lg-heading3 brz-css-q1QLH\" data-uniq-id=\"jPWdo\" data-generated-css=\"brz-css-rsaxU\"><span style=\"color: rgb(173, 133, 77);\" class=\"brz-cp-color3\">Et teaksite, mida oodata ja Teil oleks mugavam tulla, jagame natukene lisainformatsiooni. <\/span><\/p>\n<p class=\"brz-tp-lg-heading3 brz-css-n6a3j\" data-uniq-id=\"iiiat\" data-generated-css=\"brz-css-zrxJo\"><span style=\"color: rgb(173, 133, 77);\" class=\"brz-cp-color3\">Meil on 4 puumaja \u2013 igal majal on grilliala, k\u00f6\u00f6ginurk k\u00fclmiku, pliidi ja veekannuga. <\/span><\/p>\n<p class=\"brz-tp-lg-heading3 brz-css-niQoW\" data-generated-css=\"brz-css-b9hww\" data-uniq-id=\"tzHbZ\"><span style=\"color: rgb(173, 133, 77);\" class=\"brz-cp-color3\">Majades on WC, du\u0161iruum, r\u00e4tikud ja voodiriided. <\/span><\/p>\n<\/div>\n<\/div>\n<\/div>\n<\/div>\n<\/div>\n<\/div>\n<\/div>\n<div id=\"\" class=\"brz-css-d-wrapper brz-css-r-wrapper brz-css-11gl4l4 brz-wrapper\">\n<div class=\"brz-spacer brz-css-d-spacer brz-css-1m4ndjm\"><\/div>\n<\/div>\n<div class=\"brz-row__container brz-css-d-row-row brz-css-7topgm\" data-brz-custom-id=\"lsojarrrzikcyygsfkhbyxcdwtjpdktlnsum\">\n<div class=\"brz-row brz-css-d-row-container brz-css-r-row-container brz-css-1w5axs\">\n<div class=\"brz-columns brz-css-d-column-column brz-css-mp1wd3\" data-brz-custom-id=\"tlinaspzezhdldgxyyrpjvcphazrewjlqipo\">\n<div class=\"brz-column__items brz-css-d-column-bg brz-css-y1jo78\">\n<div id=\"\" class=\"brz-css-d-wrapper brz-css-r-wrapper brz-css-1suim3u brz-wrapper\">\n<div class=\"brz-spacer brz-css-d-spacer brz-css-1iqmjhr\"><\/div>\n<\/div>\n<div class=\"brz-wrapper-clone brz-flex-xs-wrap brz-css-d-cloneable brz-css-7r2f5w\" data-brz-custom-id=\"evtxyaeidyoxkihlcirwzpddkyxjtqypkomq\">\n<div class=\"brz-icon__container\" data-brz-custom-id=\"qqpnfmdvylyuftvlmofnjninkyyvwbcyizag\"><span class=\"brz-icon brz-span brz-css-d-icon-icon brz-css-16g7two\"><svg class=\"brz-icon-svg align-[initial]\"><use href=\"\/wp-content\/plugins\/brizy\/public\/editor-build\/prod\/editor\/icons\/glyph\/dog-house.svg#nc_icon\"><\/use><\/svg><\/span><\/div>\n<\/div>\n<div id=\"\" class=\"brz-css-d-wrapper brz-css-bmczlh brz-wrapper\">\n<div class=\"brz-rich-text brz-rich-text__custom brz-css-d-richtext brz-css-x1d6od\" data-brz-custom-id=\"qqmgpythqykwcvhgdcwflxfvwqxvqbttjdyl\">\n<div data-brz-translate-text=\"1\">\n<p class=\"brz-tp-heading4 brz-text-xs-center brz-css-aEhSP\">Puumaja<\/p>\n<\/div>\n<\/div>\n<\/div>\n<div id=\"\" class=\"brz-css-d-wrapper brz-css-1ld6wt9 brz-wrapper\">\n<div class=\"brz-rich-text brz-rich-text__custom brz-css-d-richtext brz-css-zmbc8u\" data-brz-custom-id=\"xwwkozkzsrmnakrbdihrrvorxvmjormliogy\">\n<div data-brz-translate-text=\"1\">\n<p class=\"brz-tp-lg-paragraph brz-mb-xs-20 brz-text-xs-center brz-css-zPMOu\" data-generated-css=\"brz-css-ziF5D\" data-uniq-id=\"igs5F\"><span class=\"brz-cp-color2\">Puumaja \u2013 p\u00e4ikset\u00f5usu terrassiga, <\/span><\/p>\n<p class=\"brz-tp-lg-paragraph brz-mb-xs-20 brz-text-xs-center brz-css-rxgrG\" data-generated-css=\"brz-css-lnxri\" data-uniq-id=\"ercV1\"><span class=\"brz-cp-color2\">1 suurem tuba kahel tasandil.<\/span><\/p>\n<p class=\"brz-tp-lg-paragraph brz-mb-xs-20 brz-text-xs-center brz-css-zeAG0\" data-generated-css=\"brz-css-sD7Ii\" data-uniq-id=\"kDmnt\"><span class=\"brz-cp-color2\">NB! Redel magamistasandile p\u00e4\u00e4semiseks. Leilisaun. <\/span><\/p>\n<p class=\"brz-tp-lg-paragraph brz-mb-xs-20 brz-text-xs-center brz-css-scAwd\" data-generated-css=\"brz-css-sD7Ii\" data-uniq-id=\"kDmnt\"><span class=\"brz-cp-color2\">Maja on m\u00f5nus ka 1-2 lapsega k\u00fclastamiseks <\/span><\/p>\n<\/div>\n<\/div>\n<\/div>\n<\/div>\n<\/div>\n<div class=\"brz-columns brz-css-d-column-column brz-css-1252hcd\" data-brz-custom-id=\"tpbelqrauktnnxsdkgyhrxjweqvgtanplwru\">\n<div class=\"brz-column__items brz-css-d-column-bg brz-css-295ytd\">\n<div id=\"\" class=\"brz-css-d-wrapper brz-css-r-wrapper brz-css-1ra0ss2 brz-wrapper\">\n<div class=\"brz-spacer brz-css-d-spacer brz-css-1co3s3r\"><\/div>\n<\/div>\n<div class=\"brz-wrapper-clone brz-flex-xs-wrap brz-css-d-cloneable brz-css-1ag38gk\" data-brz-custom-id=\"etruuaeirtpwvtdhztawndcahmsgevfwcmku\">\n<div class=\"brz-icon__container\" data-brz-custom-id=\"jcqnfovpmaqwbejuqszsjqontpjtettzvltn\"><span class=\"brz-icon brz-span brz-css-d-icon-icon brz-css-1mejnxr\"><svg class=\"brz-icon-svg align-[initial]\"><use href=\"\/wp-content\/plugins\/brizy\/public\/editor-build\/prod\/editor\/icons\/glyph\/dog-house.svg#nc_icon\"><\/use><\/svg><\/span><\/div>\n<\/div>\n<div id=\"\" class=\"brz-css-d-wrapper brz-css-ywasc9 brz-wrapper\">\n<div class=\"brz-rich-text brz-rich-text__custom brz-css-d-richtext brz-css-1g8aske\" data-brz-custom-id=\"dqxndpndjtthdztucprltzsplgvqmsgllsjf\">\n<div data-brz-translate-text=\"1\">\n<p class=\"brz-tp-heading4 brz-text-xs-center brz-css-ncFtO\">D\u017eunglimaja <\/p>\n<\/div>\n<\/div>\n<\/div>\n<div id=\"\" class=\"brz-css-d-wrapper brz-css-13v62b6 brz-wrapper\">\n<div class=\"brz-rich-text brz-rich-text__custom brz-css-d-richtext brz-css-32vpua\" data-brz-custom-id=\"knkpumkxwwndmrfxirfircrxuprouxpxllfk\">\n<div data-brz-translate-text=\"1\">\n<p class=\"brz-mb-xs-20 brz-tp-lg-paragraph brz-text-xs-center brz-css-rFSaV\" data-generated-css=\"brz-css-k7eNG\" data-uniq-id=\"sP1hZ\"><span class=\"brz-cp-color2\">D\u017eunglimaja \u2013 \u00f5uekaminaga, magamistuba suure aknaga, 2 eraldi tuba eri k\u00f5rgustel. Leilisaun.<\/span><\/p>\n<p class=\"brz-mb-xs-20 brz-tp-lg-paragraph brz-text-xs-center brz-css-h6vYF\" data-generated-css=\"brz-css-k7eNG\" data-uniq-id=\"sP1hZ\"><span class=\"brz-cp-color2\"><span class=\"ql-cursor\">\ufeff<\/span>Maja on m\u00f5eldud kahele inimesele.<\/span><\/p>\n<\/div>\n<\/div>\n<\/div>\n<\/div>\n<\/div>\n<div class=\"brz-columns brz-css-d-column-column brz-css-hhp97b\" data-brz-custom-id=\"gxhkmxpyfaaphfnliaewmkmvxdrygrompctd\">\n<div class=\"brz-column__items brz-css-d-column-bg brz-css-1ejd1m3\">\n<div id=\"\" class=\"brz-css-d-wrapper brz-css-r-wrapper brz-css-52e14 brz-wrapper\">\n<div class=\"brz-spacer brz-css-d-spacer brz-css-1tk6mco\"><\/div>\n<\/div>\n<div class=\"brz-wrapper-clone brz-flex-xs-wrap brz-css-d-cloneable brz-css-17r1edk\" data-brz-custom-id=\"pdqcbxdiznxdwlavnbvopdwfkcnuajwsgcic\">\n<div class=\"brz-icon__container\" data-brz-custom-id=\"lkcdurkianycgywhbqfssvieienyqxjcembc\"><span class=\"brz-icon brz-span brz-css-d-icon-icon brz-css-1ohti0v\"><svg class=\"brz-icon-svg align-[initial]\"><use href=\"\/wp-content\/plugins\/brizy\/public\/editor-build\/prod\/editor\/icons\/glyph\/dog-house.svg#nc_icon\"><\/use><\/svg><\/span><\/div>\n<\/div>\n<div id=\"\" class=\"brz-css-d-wrapper brz-css-hx6gqj brz-wrapper\">\n<div class=\"brz-rich-text brz-rich-text__custom brz-css-d-richtext brz-css-dxoc1c\" data-brz-custom-id=\"zdutwbcabsnnyqzeappiqqakuvtombgpabos\">\n<div data-brz-translate-text=\"1\">\n<p class=\"brz-tp-heading4 brz-text-xs-center brz-css-dhqVp\">Metsa puumaja <\/p>\n<\/div>\n<\/div>\n<\/div>\n<div id=\"\" class=\"brz-css-d-wrapper brz-css-e9tkyj brz-wrapper\">\n<div class=\"brz-rich-text brz-rich-text__custom brz-css-d-richtext brz-css-ntbbhm\" data-brz-custom-id=\"bvzgfngwhoygjsegzowbdnztxerhogmffoyg\">\n<div data-brz-translate-text=\"1\">\n<p class=\"brz-tp-lg-paragraph brz-mb-xs-20 brz-text-xs-center brz-css-jDw2p\" data-generated-css=\"brz-css-jLQAk\" data-uniq-id=\"bpiO8\"><span class=\"brz-cp-color2\">Metsa puumaja \u2013 rippsilla ja sisekaminaga, 1 tuba. K\u00f5ige privaatsema asukohaga. Leilisaun.<\/span><\/p>\n<p class=\"brz-tp-lg-paragraph brz-mb-xs-20 brz-text-xs-center brz-css-ySLEL\" data-generated-css=\"brz-css-jLQAk\" data-uniq-id=\"bpiO8\"><span class=\"brz-cp-color2\"><span class=\"ql-cursor\">\ufeff<\/span>Maja on m\u00f5eldud kahele inimesele.<\/span><\/p>\n<\/div>\n<\/div>\n<\/div>\n<\/div>\n<\/div>\n<div class=\"brz-columns brz-css-d-column-column brz-css-20xjv8\" data-brz-custom-id=\"qgfjxotgpsiyjkogecqylyfbjxrhkrraeuuy\">\n<div class=\"brz-column__items brz-css-d-column-bg brz-css-11w3ctt\">\n<div id=\"\" class=\"brz-css-d-wrapper brz-css-r-wrapper brz-css-e59zxx brz-wrapper\">\n<div class=\"brz-spacer brz-css-d-spacer brz-css-z235n6\"><\/div>\n<\/div>\n<div class=\"brz-wrapper-clone brz-flex-xs-wrap brz-css-d-cloneable brz-css-mw8sj6\" data-brz-custom-id=\"fitljtepxiwgguvaqjyeflohwxgwishzdmxs\">\n<div class=\"brz-icon__container\" data-brz-custom-id=\"raljsuenpqykealgsjldygnnohkfuybicahj\"><span class=\"brz-icon brz-span brz-css-d-icon-icon brz-css-p1jc8a\"><svg class=\"brz-icon-svg align-[initial]\"><use href=\"\/wp-content\/plugins\/brizy\/public\/editor-build\/prod\/editor\/icons\/glyph\/dog-house.svg#nc_icon\"><\/use><\/svg><\/span><\/div>\n<\/div>\n<div id=\"\" class=\"brz-css-d-wrapper brz-css-1fwr5vx brz-wrapper\">\n<div class=\"brz-rich-text brz-rich-text__custom brz-css-d-richtext brz-css-5ltzki\" data-brz-custom-id=\"loxgtnxievwbosevpbyqgwxfzzpvcpsqbqto\">\n<div data-brz-translate-text=\"1\">\n<p class=\"brz-text-xs-center brz-tp-lg-heading4 brz-css-hf13f\" data-uniq-id=\"etvfh\" data-generated-css=\"brz-css-ocscn\">Puusaun<\/p>\n<\/div>\n<\/div>\n<\/div>\n<div id=\"\" class=\"brz-css-d-wrapper brz-css-1yivpcb brz-wrapper\">\n<div class=\"brz-rich-text brz-rich-text__custom brz-css-d-richtext brz-css-2urndj\" data-brz-custom-id=\"oztpawesjoxzoeoumtbraemzhhkjbnugmbhz\">\n<div data-brz-translate-text=\"1\">\n<p class=\"brz-tp-lg-paragraph brz-css-o4hD6\" data-uniq-id=\"dEq8d\" data-generated-css=\"brz-css-pO7LG\">\u00dche puu otsas asuv eesruumi ja leiliruumiga saun. Du\u0161\u0161 ja wc on katuse all, metsa vaatega vabas \u00f5hus. Nii leiliruumis kui eesruumis on suured aknad suurep\u00e4rase vaatega metsale. Maja on m\u00f5eldud kahele inimesele.<\/p>\n<\/div>\n<\/div>\n<\/div>\n<\/div>\n<\/div>\n<\/div>\n<\/div>\n<div id=\"\" class=\"brz-css-d-wrapper brz-css-r-wrapper brz-css-6k4jh7 brz-wrapper\">\n<div class=\"brz-spacer brz-css-d-spacer brz-css-ttrm5u\"><\/div>\n<\/div>\n<\/div>\n<\/div>\n<\/section>\n<section id=\"obxucdrjkvswqgdzcdmcirhemajbctemtnuz_obxucdrjkvswqgdzcdmcirhemajbctemtnuz\" class=\"brz-section brz-css-d-section brz-css-1t2pkwq\">\n<div class=\"brz-section__content brz-section--boxed brz-css-d-sectionitem-bg brz-css-18oc3sy\" data-brz-custom-id=\"cmumanlbjrdqayumpluqpwknwlbwftbgssun\">\n<div class=\"brz-bg\">\n<div class=\"brz-bg-color\"><\/div>\n<\/div>\n<div class=\"brz-container brz-css-d-sectionitem-container brz-css-1lojlyy\">\n<div id=\"\" class=\"brz-css-d-wrapper brz-css-r-wrapper brz-css-14k7gfk brz-wrapper\">\n<div class=\"brz-spacer brz-css-d-spacer brz-css-enx3s4\"><\/div>\n<\/div>\n<div id=\"\" class=\"brz-css-d-wrapper brz-css-17fg65y brz-wrapper\">\n<div class=\"brz-rich-text brz-rich-text__custom brz-css-d-richtext brz-css-1gcvmqn\" data-brz-custom-id=\"srpfqcovlfivgtyjlzuduirckfumbfvmuwmd\">\n<div data-brz-translate-text=\"1\">\n<ul>\n<li class=\"brz-tp-lg-paragraph brz-bcp-color2 brz-css-t8obK\" data-uniq-id=\"jNOWb\" data-generated-css=\"brz-css-hDfW7\"><span class=\"brz-cp-color2\">Puumajad asuvad teineteisest umbes 200 m kaugusel.<\/span><\/li>\n<li class=\"brz-tp-lg-paragraph brz-bcp-color2 brz-css-wLxoQ\" data-uniq-id=\"sRNcJ\" data-generated-css=\"brz-css-hJU6l\"><span class=\"brz-cp-color2\">Tiik ujumiseks on \u00fcldalal, mis asub majadest u. 150 m kaugusel.<\/span><\/li>\n<li class=\"brz-tp-lg-paragraph brz-bcp-color2 brz-css-hqB_I\" data-uniq-id=\"o8Zvt\" data-generated-css=\"brz-css-h7y3y\"><span class=\"brz-cp-color2\">Tallinna kesklinnast s\u00f5idab autoga meie juurde umbes 45 minutit. GoogleMaps ja \u201eSambliku treehouse\u201d juhatab teed k\u00f5ige t\u00e4psemini.<\/span><\/li>\n<li class=\"brz-tp-lg-paragraph brz-bcp-color2 brz-css-lbQ4X\" data-uniq-id=\"r3EgA\" data-generated-css=\"brz-css-dIVFv\"><span class=\"brz-cp-color2\">Puumajade<\/span><em class=\"brz-cp-color2\"> check-in<\/em><span class=\"brz-cp-color2\"> kell 15:00\u201320:00, <\/span><em class=\"brz-cp-color2\">check-out<\/em><span class=\"brz-cp-color2\"> kell 11:00<\/span><\/li>\n<li class=\"brz-tp-lg-paragraph brz-bcp-color2 brz-css-eWjHL\" data-uniq-id=\"cyhWR\" data-generated-css=\"brz-css-n7R9i\"><span class=\"brz-cp-color2\">L\u00e4himad kauplused asuvad meist umbes 7 km kaugusel.<\/span><\/li>\n<li class=\"brz-tp-lg-paragraph brz-css-mjrzi\" style=\"color: rgb(13, 16, 20);\" data-uniq-id=\"bu6Zq\" data-generated-css=\"brz-css-tL8HM\"><span style=\"color: rgb(13, 16, 20);\">Lisatasu eest saab rentida t\u00fcnnisauna, s\u00f5ita kayaki ja sup lauaga, s\u00fc\u00fca hommikus\u00f6\u00f6ki ja \u00f5htul pizzat \u2013 t\u00e4psemat infot saate vaadata tegevuste alt.<\/span><\/li>\n<li class=\"brz-tp-lg-paragraph brz-bcp-color2 brz-css-cPUpk\" data-uniq-id=\"kOnMl\" data-generated-css=\"brz-css-cUF_g\"><span class=\"brz-cp-color2\">Hommikus\u00f6\u00f6k ja pizza tuleb kindlasti 1 p\u00e4ev enne saabumist ette tellida. <\/span><\/li>\n<li class=\"brz-tp-lg-paragraph brz-bcp-color2 brz-css-sKi3n\" data-uniq-id=\"u_N6T\" data-generated-css=\"brz-css-jX0al\"><span class=\"brz-cp-color2\">Hommikus\u00f6\u00f6k on kell 9.00 ja tuuakse Teile majja<\/span><\/li>\n<li class=\"brz-tp-lg-paragraph brz-bcp-color2 brz-css-cyNSJ\" data-uniq-id=\"p2IOA\" data-generated-css=\"brz-css-yB6_G\"><span class=\"brz-cp-color2\">Pizzasid valistame kell 19.00 suvek\u00f6\u00f6gis.<\/span><\/li>\n<li class=\"brz-tp-lg-paragraph brz-bcp-color2 brz-css-lNahk\" data-uniq-id=\"oIPkd\" data-generated-css=\"brz-css-rYwaw\"><span class=\"brz-cp-color2\">V\u00e4\u00e4rt paigad k\u00fclastamiseks, vaid 30 min autos\u00f5idu kaugusel \u2013 Rabivere raba matkarada, Rummu karj\u00e4\u00e4r ja Keila Joa.<\/span><\/li>\n<\/ul>\n<p class=\"brz-tp-lg-paragraph brz-css-luHKF\" data-uniq-id=\"t8xZk\" data-generated-css=\"brz-css-vL8pu\"><span class=\"brz-cp-color2\"> <\/span><\/p>\n<p class=\"brz-tp-lg-heading5 brz-css-nOd8l\" data-uniq-id=\"bbhIW\" data-generated-css=\"brz-css-qztNo\"><span class=\"brz-cp-color3\">Juhime Teie t\u00e4helepanu:<\/span><\/p>\n<p class=\"brz-tp-lg-paragraph brz-css-wHYlr\" data-uniq-id=\"fE07I\" data-generated-css=\"brz-css-w6jsF\"><span class=\"brz-cp-color2\"> <\/span><\/p>\n<p class=\"brz-tp-lg-paragraph brz-css-gi8rc\" data-uniq-id=\"xQ9ZE\" data-generated-css=\"brz-css-yb3sN\">Lisak\u00fclalised\/inimesed ei ole lubatud, majad asuvad puu otsas ja on kaalupiirang. Lisaks on siis k\u00f5igil ruumi m\u00f5nusalt ja piisavalt privaatne.<\/p>\n<p class=\"brz-tp-lg-paragraph brz-css-rFYp4\" data-uniq-id=\"sk0pq\" data-generated-css=\"brz-css-jrmDA\">Lemmikloomad peab koju j\u00e4tma ja ei ole meie majades lubatud. Siis saavad ka allergikud end turvaliselt tunda.<\/p>\n<p class=\"brz-tp-lg-paragraph brz-css-tw8QT\" data-uniq-id=\"jjp9e\" data-generated-css=\"brz-css-icLQO\">Palume muusikat valjusti mitte m\u00e4ngida!<\/p>\n<p class=\"brz-tp-lg-paragraph brz-css-cb3Al\" data-uniq-id=\"vlE40\" data-generated-css=\"brz-css-vDOMS\"><\/p>\n<p class=\"brz-tp-lg-paragraph brz-css-y2KVq\" data-uniq-id=\"viPKH\" data-generated-css=\"brz-css-iCoMv\"><strong style=\"color: rgba(var(--brz-global-color1),0.48);\" class=\"brz-cp-color1\">Kui k\u00fclastate meid koos lastega<\/strong><\/p>\n<p class=\"brz-tp-lg-paragraph brz-css-rCvOR\" data-uniq-id=\"kVKLl\" data-generated-css=\"brz-css-i4CMl\">Et puumaja piiretel pole turvav\u00f5rke ning meie \u00f5ues on s\u00fcgav tiik ujumiseks.<\/p>\n<p class=\"brz-tp-lg-paragraph brz-css-mFVRL\" data-uniq-id=\"eNvFg\" data-generated-css=\"brz-css-p0cuh\">Lastega k\u00fclastamisel palun arvestada, et lapsed ei oleks ilma t\u00e4iskasvanu j\u00e4relvalveta.<\/p>\n<p class=\"brz-tp-lg-paragraph brz-css-iELur\" data-uniq-id=\"jmALo\" data-generated-css=\"brz-css-xxkE2\"><\/p>\n<p class=\"brz-tp-lg-paragraph brz-css-z4liT\" data-uniq-id=\"fLs4D\" data-generated-css=\"brz-css-cxg8x\"><span class=\"brz-cp-color2\">Kuna me ise elame siin l\u00e4heduses, siis saame Teid personaalselt vastu v\u00f5tta ja \u00e4ra saata.<\/span><\/p>\n<p class=\"brz-tp-lg-paragraph brz-css-yYaAg\" data-uniq-id=\"qm8DT\" data-generated-css=\"brz-css-a9sj1\"><span class=\"brz-cp-color2\">V\u00f5imalusel oleme Teile igati abiks.<\/span><\/p>\n<p class=\"brz-tp-lg-paragraph brz-css-gClNM\" data-uniq-id=\"gByJj\" data-generated-css=\"brz-css-a6Dpp\"><span class=\"brz-cp-color2\"> <\/span><\/p>\n<p class=\"brz-tp-lg-heading5 brz-css-kxgSQ\" data-uniq-id=\"q1QE2\" data-generated-css=\"brz-css-tXdOH\"><span class=\"brz-cp-color3\">Espar &amp; Kirsti<\/span><\/p>\n<\/div>\n<\/div>\n<\/div>\n<\/div>\n<\/div>\n<\/section><\/div>\n<p><!-- version:1773055486 --><\/p>\n","protected":false},"excerpt":{"rendered":"<p>Tore, et olete meie puumaju m\u00e4rganud! LISAINFO BRONEERIJALE Et teaksite, mida oodata ja Teil oleks mugavam tulla, jagame natukene lisainformatsiooni. Meil on 4 puumaja \u2013 igal majal on grilliala, k\u00f6\u00f6ginurk k\u00fclmiku, pliidi ja veekannuga. Majades on WC, du\u0161iruum, r\u00e4tikud ja voodiriided. Puumaja Puumaja \u2013 p\u00e4ikset\u00f5usu terrassiga, 1 suurem tuba kahel tasandil. NB! Redel magamistasandile p\u00e4\u00e4semiseks. [&hellip;]<\/p>\n","protected":false},"author":1,"featured_media":0,"parent":0,"menu_order":0,"comment_status":"closed","ping_status":"closed","template":"brizy-blank-template.php","meta":{"footnotes":""},"class_list":["post-350","page","type-page","status-publish","hentry"],"brizy_media":[{"id":181,"url":"https:\/\/treehouseestonia.ee\/wp-content\/uploads\/2021\/02\/Treehouseestonia-loojang.jpg","name":"Treehouseestonia-loojang.jpg","meta":{"brizy_attachment_uid":"wp-c648731de0323dcc8135b6e09bbead45.jpg","brizy_post_uid":["0ac713c6fe6aaf9dd393713e7b62a5d4","02c3a8cd9cfcd116fb959150e5d76d93","5ee69893161784152ddd2f4f37811948"]}},{"id":184,"url":"https:\/\/treehouseestonia.ee\/wp-content\/uploads\/2021\/02\/Treehouseestonia-loodus-2.jpg","name":"Treehouseestonia-loodus-2.jpg","meta":{"brizy_attachment_uid":"wp-6fc77eb7a31b8e0533ec21a6b606cddf.jpg","brizy_post_uid":["0ac713c6fe6aaf9dd393713e7b62a5d4","5ee69893161784152ddd2f4f37811948","a3b654a59fa4f048a52749f716737429"]}},{"id":186,"url":"https:\/\/treehouseestonia.ee\/wp-content\/uploads\/2021\/02\/Treehouseestonia-loodus-4.jpg","name":"Treehouseestonia-loodus-4.jpg","meta":{"brizy_attachment_uid":"wp-bf880952eda96b6a90918df07ffb2193.jpg","brizy_post_uid":["0ac713c6fe6aaf9dd393713e7b62a5d4","5ee69893161784152ddd2f4f37811948"]}},{"id":784,"url":"https:\/\/treehouseestonia.ee\/wp-content\/uploads\/2021\/02\/Treehouseestonia-puumaja-valjast.jpg","name":"Treehouseestonia-puumaja-valjast.jpg","meta":{"brizy_attachment_uid":"wp-decbfaacba8c35e3ba25202ccf246e37.jpg","brizy_post_uid":["02c3a8cd9cfcd116fb959150e5d76d93","5ee69893161784152ddd2f4f37811948","0ac713c6fe6aaf9dd393713e7b62a5d4","36dda1997b4c91d857d000effe3900b5"]}},{"id":1398,"url":"https:\/\/treehouseestonia.ee\/wp-content\/uploads\/2021\/03\/metsa-terrass.jpg","name":"metsa-terrass.jpg","meta":{"brizy_attachment_uid":"wp-19416fa6c73fca0c695c687c65b6821d.jpg","brizy_post_uid":["02c3a8cd9cfcd116fb959150e5d76d93","5ee69893161784152ddd2f4f37811948","36dda1997b4c91d857d000effe3900b5","40534f8c0faf19e98e217353c8fedbd7"]}}],"_links":{"self":[{"href":"https:\/\/treehouseestonia.ee\/et\/wp-json\/wp\/v2\/pages\/350","targetHints":{"allow":["GET"]}}],"collection":[{"href":"https:\/\/treehouseestonia.ee\/et\/wp-json\/wp\/v2\/pages"}],"about":[{"href":"https:\/\/treehouseestonia.ee\/et\/wp-json\/wp\/v2\/types\/page"}],"author":[{"embeddable":true,"href":"https:\/\/treehouseestonia.ee\/et\/wp-json\/wp\/v2\/users\/1"}],"replies":[{"embeddable":true,"href":"https:\/\/treehouseestonia.ee\/et\/wp-json\/wp\/v2\/comments?post=350"}],"version-history":[{"count":30,"href":"https:\/\/treehouseestonia.ee\/et\/wp-json\/wp\/v2\/pages\/350\/revisions"}],"predecessor-version":[{"id":28767,"href":"https:\/\/treehouseestonia.ee\/et\/wp-json\/wp\/v2\/pages\/350\/revisions\/28767"}],"wp:attachment":[{"href":"https:\/\/treehouseestonia.ee\/et\/wp-json\/wp\/v2\/media?parent=350"}],"curies":[{"name":"wp","href":"https:\/\/api.w.org\/{rel}","templated":true}]}}